{"id":57,"date":"2016-09-11T01:11:25","date_gmt":"2016-09-11T00:11:25","guid":{"rendered":"http:\/\/localhost\/wordpress\/?page_id=57"},"modified":"2019-03-27T10:19:21","modified_gmt":"2019-03-27T10:19:21","slug":"annuaire-du-bureau","status":"publish","type":"page","link":"https:\/\/hameaux-du-golf.ma\/index.php\/annuaire-du-bureau\/","title":{"rendered":"Annuaire du bureau"},"content":{"rendered":"<div class=\"entry\">\n<table style=\"height: 700px;\" width=\"757\">\n<tbody>\n<tr>\n<td width=\"115\">Pr\u00e9nom<\/td>\n<td width=\"161\">Nom<\/td>\n<td width=\"208\">Fonction au sein de l&#8217;Association<\/td>\n<td width=\"164\">Adresse mail<\/td>\n<td width=\"109\">T\u00e9l\u00e9phone<\/td>\n<\/tr>\n<tr>\n<td width=\"115\">Najib<\/td>\n<td width=\"161\">RAIHANI<\/td>\n<td width=\"208\">Pr\u00e9sident<\/td>\n<td width=\"164\">najib.8286@yahoo.fr<\/td>\n<td width=\"109\">O614553533<\/td>\n<\/tr>\n<tr>\n<td width=\"115\">Adam<\/td>\n<td width=\"161\">SKIREDJ<\/td>\n<td width=\"208\">\u00a0Vice Pr\u00e9sident<\/td>\n<td width=\"164\">adam.skiredj@gmail.com<\/td>\n<td width=\"109\">O660252366<\/td>\n<\/tr>\n<tr>\n<td width=\"115\">Mohamed Saad<\/td>\n<td width=\"161\">EL ALAOUI<\/td>\n<td width=\"208\">Secr\u00e9taire G\u00e9n\u00e9ral<\/td>\n<td width=\"164\"><a href=\"mailto:saadelalaoui@hotmail,com\">saadelalaoui@hotmail.com<\/a><\/td>\n<td width=\"109\">O661172400<\/td>\n<\/tr>\n<tr>\n<td width=\"115\"><\/td>\n<td width=\"161\"><\/td>\n<td width=\"208\"><\/td>\n<td width=\"164\"><\/td>\n<td width=\"109\"><\/td>\n<\/tr>\n<tr>\n<td width=\"115\"><\/td>\n<td width=\"161\"><\/td>\n<td width=\"208\"><\/td>\n<td width=\"164\"><\/td>\n<td width=\"109\"><\/td>\n<\/tr>\n<tr>\n<td width=\"115\">Hafsa<\/td>\n<td width=\"161\">BENBACHIR \u00e9pouse BIAZ<\/td>\n<td width=\"208\">Tr\u00e9sorier Adjoint<\/td>\n<td width=\"164\">hafsabiaz@yahoo.fr<\/td>\n<td width=\"109\">O660050505<\/td>\n<\/tr>\n<tr>\n<td width=\"115\"><\/td>\n<td width=\"161\"><\/td>\n<td width=\"208\"><\/td>\n<td width=\"164\"><\/td>\n<td width=\"109\"><\/td>\n<\/tr>\n<tr>\n<td width=\"115\">Mohamed<\/td>\n<td width=\"161\">TAZI<\/td>\n<td width=\"208\">Assesseur<\/td>\n<td width=\"164\">hajtazi@yahoo.fr<\/td>\n<td width=\"109\">O661179033<\/td>\n<\/tr>\n<tr>\n<td width=\"115\"><\/td>\n<td width=\"161\"><\/td>\n<td width=\"208\"><\/td>\n<td width=\"164\"><\/td>\n<td width=\"109\"><\/td>\n<\/tr>\n<\/tbody>\n<\/table>\n<\/div>\n","protected":false},"excerpt":{"rendered":"<p>Pr\u00e9nom Nom Fonction au sein de l&#8217;Association Adresse mail T\u00e9l\u00e9phone Najib RAIHANI Pr\u00e9sident najib.8286@yahoo.fr O614553533 Adam SKIREDJ \u00a0Vice Pr\u00e9sident adam.skiredj@gmail.com O660252366 Mohamed Saad EL ALAOUI Secr\u00e9taire G\u00e9n\u00e9ral saadelalaoui@hotmail.com O661172400 Hafsa BENBACHIR \u00e9pouse BIAZ Tr\u00e9sorier Adjoint hafsabiaz@yahoo.fr O660050505 Mohamed TAZI Assesseur hajtazi@yahoo.fr O661179033<\/p>\n","protected":false},"author":1,"featured_media":0,"parent":0,"menu_order":0,"comment_status":"closed","ping_status":"closed","template":"","meta":{"footnotes":""},"class_list":["post-57","page","type-page","status-publish"],"_links":{"self":[{"href":"https:\/\/hameaux-du-golf.ma\/index.php\/wp-json\/wp\/v2\/pages\/57","targetHints":{"allow":["GET"]}}],"collection":[{"href":"https:\/\/hameaux-du-golf.ma\/index.php\/wp-json\/wp\/v2\/pages"}],"about":[{"href":"https:\/\/hameaux-du-golf.ma\/index.php\/wp-json\/wp\/v2\/types\/page"}],"author":[{"embeddable":true,"href":"https:\/\/hameaux-du-golf.ma\/index.php\/wp-json\/wp\/v2\/users\/1"}],"replies":[{"embeddable":true,"href":"https:\/\/hameaux-du-golf.ma\/index.php\/wp-json\/wp\/v2\/comments?post=57"}],"version-history":[{"count":16,"href":"https:\/\/hameaux-du-golf.ma\/index.php\/wp-json\/wp\/v2\/pages\/57\/revisions"}],"predecessor-version":[{"id":1250,"href":"https:\/\/hameaux-du-golf.ma\/index.php\/wp-json\/wp\/v2\/pages\/57\/revisions\/1250"}],"wp:attachment":[{"href":"https:\/\/hameaux-du-golf.ma\/index.php\/wp-json\/wp\/v2\/media?parent=57"}],"curies":[{"name":"wp","href":"https:\/\/api.w.org\/{rel}","templated":true}]}}