{"id":427,"date":"2016-11-09T20:46:54","date_gmt":"2016-11-09T20:46:54","guid":{"rendered":"http:\/\/hameaux-du-golf.ma\/?page_id=427"},"modified":"2019-02-12T22:48:13","modified_gmt":"2019-02-12T22:48:13","slug":"federation","status":"publish","type":"page","link":"https:\/\/hameaux-du-golf.ma\/index.php\/federation\/","title":{"rendered":"F\u00e9d\u00e9ration"},"content":{"rendered":"<div class=\"entry\">\n<p><a href=\"http:\/\/57.128.212.39:8000\/wp-content\/uploads\/2018\/12\/PV-R\u00e9un-Bureau-15.12.2018.doc\">PV reunion du Bureau F\u00e9d\u00e9ration 15.12.2018<\/a><\/p>\n<p><a href=\"http:\/\/57.128.212.39:8000\/wp-content\/uploads\/2018\/12\/C-1.pdf\">Lettre r\u00e9ponse de CAPRI<\/a><\/p>\n<p><a href=\"http:\/\/57.128.212.39:8000\/wp-content\/uploads\/2017\/08\/protocole_ok.pdf\">\u00a0<strong>Protocole de gestion du site Bouznika Bay<\/strong><\/a><\/p>\n<p><a href=\"http:\/\/57.128.212.39:8000\/wp-content\/uploads\/2017\/12\/Appel-\u00e0-cotisation-1-S-2018.docx\">Appel \u00e0 cotisation au titre de l\u2019ann\u00e9e 2018; Acompte 1er Semestre<\/a><\/p>\n<p><a href=\"http:\/\/57.128.212.39:8000\/wp-content\/uploads\/2017\/03\/Appel-\u00e0-cotisation-bouznika2017.pdf\">Appel \u00e0 cotisations 2017<\/a><\/p>\n<p><a href=\"http:\/\/57.128.212.39:8000\/wp-content\/uploads\/2016\/11\/Plan-du-site-Bouznika-Bay.docx\">Plan du site Bouznika Bay<\/a><\/p>\n<p>PV\u00a0<a href=\"http:\/\/57.128.212.39:8000\/wp-content\/uploads\/2016\/11\/PV-AG-31-01-2015-1.doc\">AG du 31.01.2015<\/a><\/p>\n<p><a href=\"http:\/\/57.128.212.39:8000\/wp-content\/uploads\/2016\/11\/PV-AG-24-01-2016.doc\">PV AG 24.01.2016<\/a><\/p>\n<p><a href=\"http:\/\/57.128.212.39:8000\/wp-content\/uploads\/2016\/11\/A.O.-Le-Calendrier.docx\">A.O &#8211; Prestataires : Le calendrier 2016<\/a><\/p>\n<p><a href=\"http:\/\/57.128.212.39:8000\/wp-content\/uploads\/2017\/01\/D\u00e9signation-des-prestataires-de-services-2017-2018.docx\">D\u00e9signation des prestataires des services 2017-2018<\/a><\/p>\n<p><a href=\"http:\/\/57.128.212.39:8000\/wp-content\/uploads\/2018\/01\/Mur-de-cl\u00f4ture-planning-des-travaux-01-18.pdf\">PLANNING D\u2019ACH\u00c8VEMENT MUR DE CL\u00d4TURE<\/a><\/p>\n<p><a href=\"http:\/\/57.128.212.39:8000\/wp-content\/uploads\/2018\/01\/Mur-de-cl\u00f4ture-au-15.01.2018.xlsx\">Mur de cl\u00f4ture au 15.01.2018<\/a><\/p>\n<p><a href=\"http:\/\/57.128.212.39:8000\/wp-content\/uploads\/2016\/11\/Mur-de-cl\u00f4ture-11.2016.docx\">Avancement du mur de cl\u00f4ture : 11.2016<\/a><\/p>\n<\/div>\n","protected":false},"excerpt":{"rendered":"<p>PV reunion du Bureau F\u00e9d\u00e9ration 15.12.2018 Lettre r\u00e9ponse de CAPRI \u00a0Protocole de gestion du site Bouznika Bay Appel \u00e0 cotisation au titre de l\u2019ann\u00e9e 2018; Acompte 1er Semestre Appel \u00e0 cotisations 2017 Plan du site Bouznika Bay PV\u00a0AG du 31.01.2015 PV AG 24.01.2016 A.O &#8211; Prestataires : Le calendrier 2016 D\u00e9signation des prestataires des services &#8230;<\/p>\n","protected":false},"author":3,"featured_media":0,"parent":0,"menu_order":0,"comment_status":"closed","ping_status":"closed","template":"","meta":{"footnotes":""},"class_list":["post-427","page","type-page","status-publish"],"_links":{"self":[{"href":"https:\/\/hameaux-du-golf.ma\/index.php\/wp-json\/wp\/v2\/pages\/427","targetHints":{"allow":["GET"]}}],"collection":[{"href":"https:\/\/hameaux-du-golf.ma\/index.php\/wp-json\/wp\/v2\/pages"}],"about":[{"href":"https:\/\/hameaux-du-golf.ma\/index.php\/wp-json\/wp\/v2\/types\/page"}],"author":[{"embeddable":true,"href":"https:\/\/hameaux-du-golf.ma\/index.php\/wp-json\/wp\/v2\/users\/3"}],"replies":[{"embeddable":true,"href":"https:\/\/hameaux-du-golf.ma\/index.php\/wp-json\/wp\/v2\/comments?post=427"}],"version-history":[{"count":29,"href":"https:\/\/hameaux-du-golf.ma\/index.php\/wp-json\/wp\/v2\/pages\/427\/revisions"}],"predecessor-version":[{"id":944,"href":"https:\/\/hameaux-du-golf.ma\/index.php\/wp-json\/wp\/v2\/pages\/427\/revisions\/944"}],"wp:attachment":[{"href":"https:\/\/hameaux-du-golf.ma\/index.php\/wp-json\/wp\/v2\/media?parent=427"}],"curies":[{"name":"wp","href":"https:\/\/api.w.org\/{rel}","templated":true}]}}