{"id":269,"date":"2016-09-29T20:59:47","date_gmt":"2016-09-29T20:59:47","guid":{"rendered":"http:\/\/hameaux-du-golf.ma\/?page_id=269"},"modified":"2020-08-27T23:51:22","modified_gmt":"2020-08-27T22:51:22","slug":"reunion-du-bureau","status":"publish","type":"page","link":"https:\/\/hameaux-du-golf.ma\/index.php\/reunion-du-bureau\/","title":{"rendered":"Bureau"},"content":{"rendered":"<div class=\"entry\">\n<p><a href=\"http:\/\/57.128.212.39:8000\/wp-content\/uploads\/2016\/10\/R\u00e9glement-Int\u00e9rieur-du-Bureau-Enregistr\u00e9-automatiquement-1.docx\">R\u00e8glement Int\u00e9rieur du Bureau\u00a0<\/a><\/p>\n<p><a href=\"http:\/\/57.128.212.39:8000\/wp-content\/uploads\/2020\/07\/CR-27-du-12.07.2020.pdf\">PV r\u00e9union 12.07.2020<\/a><\/p>\n<p><a href=\"http:\/\/57.128.212.39:8000\/wp-content\/uploads\/2020\/06\/CR-26-du-07.06.20201-converti.pdf\">PV r\u00e9union 07.06.2020<\/a><\/p>\n<p><a href=\"http:\/\/57.128.212.39:8000\/wp-content\/uploads\/2020\/04\/CR-25-du-05.04.20201-converti.pdf\">PV r\u00e9union 05.04.2020<\/a><\/p>\n<p><a href=\"http:\/\/57.128.212.39:8000\/wp-content\/uploads\/2020\/02\/CR-24-du-23.02.20201.pdf\">PV r\u00e9union 23.02.2020<\/a><\/p>\n<p><a href=\"http:\/\/57.128.212.39:8000\/wp-content\/uploads\/2020\/01\/CR-23-du-19.01.2020.pdf\">PV r\u00e9union 19.01.2020<\/a><\/p>\n<p><a href=\"http:\/\/57.128.212.39:8000\/wp-content\/uploads\/2019\/11\/CR-22-du-17.11.20191-.pdf\">PV r\u00e9union 17.11.2019<\/a><\/p>\n<p><a href=\"http:\/\/57.128.212.39:8000\/wp-content\/uploads\/2019\/10\/CR-21-du-06.10.2019.pdf\">PV r\u00e9union 06.10.2019<\/a><\/p>\n<p><a href=\"http:\/\/57.128.212.39:8000\/wp-content\/uploads\/2019\/09\/CR-20-du-31.08.2019-.pdf\">PV r\u00e9union 31.08.2019<\/a><\/p>\n<p><a href=\"http:\/\/57.128.212.39:8000\/wp-content\/uploads\/2019\/03\/CR-15-du-09.12.2018.doc\">PV r\u00e9union 09.012.2018<\/a><\/p>\n<p><a href=\"http:\/\/57.128.212.39:8000\/wp-content\/uploads\/2019\/03\/CR-14-du-14.10.2018.doc\">PV r\u00e9union 14.10.2018<\/a><\/p>\n<p><a href=\"http:\/\/57.128.212.39:8000\/wp-content\/uploads\/2019\/03\/CR-13-du-25.07.2018.doc\">PV r\u00e9union 25.07.2018<\/a><\/p>\n<p><a href=\"http:\/\/57.128.212.39:8000\/wp-content\/uploads\/2018\/07\/PV-r\u00e9union-du-Bureau-du-01.07.2018.docx\">PV r\u00e9union 01.07.2018<\/a><\/p>\n<p><a href=\"http:\/\/57.128.212.39:8000\/wp-content\/uploads\/2017\/12\/CR-11-du-03.12.2017.docx\">PV r\u00e9union 03.12.2017<\/a><\/p>\n<p><a href=\"http:\/\/57.128.212.39:8000\/wp-content\/uploads\/2017\/11\/CR-10-du-12.11.2017.docx\">PV r\u00e9union 12.11.2017<\/a><\/p>\n<p><a href=\"http:\/\/57.128.212.39:8000\/wp-content\/uploads\/2016\/09\/PV-r\u00e9union-du-Bureau-17-08-2016-V2.docx\">PV r\u00e9union 17.08.2016<\/a><\/p>\n<p><a href=\"http:\/\/57.128.212.39:8000\/wp-content\/uploads\/2016\/09\/R-du-04.09.2016-1.docx\">PV r\u00e9union 04.09.2016<\/a><\/p>\n<p><a href=\"http:\/\/57.128.212.39:8000\/wp-content\/uploads\/2016\/10\/R-du-09.10.2016-7.docx\">PV r\u00e9union du 09.10.2016<\/a><\/p>\n<p><a href=\"http:\/\/57.128.212.39:8000\/wp-content\/uploads\/2016\/11\/R-du-10.11.2016.docx\">PV r\u00e9union du 10.11.2016<\/a><\/p>\n<p><a href=\"http:\/\/57.128.212.39:8000\/wp-content\/uploads\/2017\/02\/CR-5-du-11.02.2017-1.doc\">PV r\u00e9union du 11.02.2017<\/a><\/p>\n<p><a href=\"http:\/\/57.128.212.39:8000\/wp-content\/uploads\/2017\/03\/CR-6-du-19.03.2017.docx\">PV r\u00e9union du 19.03.2017<\/a><\/p>\n<p><a href=\"http:\/\/57.128.212.39:8000\/wp-content\/uploads\/2017\/05\/CR-7-du-23.04.2017.docx\">PV r\u00e9union du 23.04.2017<\/a><\/p>\n<p><a href=\"http:\/\/57.128.212.39:8000\/wp-content\/uploads\/2017\/07\/CR-8-du-02.07.2017.docx\">PV r\u00e9union du 02.07.2017<\/a><\/p>\n<p><a href=\"http:\/\/57.128.212.39:8000\/wp-content\/uploads\/2017\/07\/CR-9-du-25.07.2017-1.docx\">PV r\u00e9union du 25.07.2017<\/a><\/p>\n<p><a href=\"http:\/\/57.128.212.39:8000\/wp-content\/uploads\/2016\/11\/Pr\u00e9z-Vision-globale-du-Bureau-2016-2019.pptx\">Vision Globale<\/a><\/p>\n<\/div>\n","protected":false},"excerpt":{"rendered":"<p>R\u00e8glement Int\u00e9rieur du Bureau\u00a0 PV r\u00e9union 12.07.2020 PV r\u00e9union 07.06.2020 PV r\u00e9union 05.04.2020 PV r\u00e9union 23.02.2020 PV r\u00e9union 19.01.2020 PV r\u00e9union 17.11.2019 PV r\u00e9union 06.10.2019 PV r\u00e9union 31.08.2019 PV r\u00e9union 09.012.2018 PV r\u00e9union 14.10.2018 PV r\u00e9union 25.07.2018 PV r\u00e9union 01.07.2018 PV r\u00e9union 03.12.2017 PV r\u00e9union 12.11.2017 PV r\u00e9union 17.08.2016 PV r\u00e9union 04.09.2016 PV r\u00e9union du &#8230;<\/p>\n","protected":false},"author":3,"featured_media":0,"parent":0,"menu_order":0,"comment_status":"closed","ping_status":"closed","template":"","meta":{"footnotes":""},"class_list":["post-269","page","type-page","status-publish"],"_links":{"self":[{"href":"https:\/\/hameaux-du-golf.ma\/index.php\/wp-json\/wp\/v2\/pages\/269","targetHints":{"allow":["GET"]}}],"collection":[{"href":"https:\/\/hameaux-du-golf.ma\/index.php\/wp-json\/wp\/v2\/pages"}],"about":[{"href":"https:\/\/hameaux-du-golf.ma\/index.php\/wp-json\/wp\/v2\/types\/page"}],"author":[{"embeddable":true,"href":"https:\/\/hameaux-du-golf.ma\/index.php\/wp-json\/wp\/v2\/users\/3"}],"replies":[{"embeddable":true,"href":"https:\/\/hameaux-du-golf.ma\/index.php\/wp-json\/wp\/v2\/comments?post=269"}],"version-history":[{"count":41,"href":"https:\/\/hameaux-du-golf.ma\/index.php\/wp-json\/wp\/v2\/pages\/269\/revisions"}],"predecessor-version":[{"id":1428,"href":"https:\/\/hameaux-du-golf.ma\/index.php\/wp-json\/wp\/v2\/pages\/269\/revisions\/1428"}],"wp:attachment":[{"href":"https:\/\/hameaux-du-golf.ma\/index.php\/wp-json\/wp\/v2\/media?parent=269"}],"curies":[{"name":"wp","href":"https:\/\/api.w.org\/{rel}","templated":true}]}}