{"id":185,"date":"2016-09-28T22:15:42","date_gmt":"2016-09-28T22:15:42","guid":{"rendered":"http:\/\/hameaux-du-golf.ma\/?page_id=185"},"modified":"2020-08-27T23:32:59","modified_gmt":"2020-08-27T22:32:59","slug":"presentation-association","status":"publish","type":"page","link":"https:\/\/hameaux-du-golf.ma\/index.php\/presentation-association\/","title":{"rendered":"Association"},"content":{"rendered":"<div class=\"entry\">\n<ul>\n<li><a href=\"http:\/\/57.128.212.39:8000\/wp-content\/uploads\/2017\/08\/statuts_ok2.pdf\">Statut Association des propri\u00e9taires des villas Hameau du golf<\/a><\/li>\n<li><a href=\"http:\/\/57.128.212.39:8000\/wp-content\/uploads\/2020\/06\/R\u00e8glement-Int\u00e9rieur-du-Club-du-Hameau-converti.pdf\">R\u00e8glement Int\u00e9rieur du Club du Hameau<\/a><\/li>\n<li><a href=\"http:\/\/57.128.212.39:8000\/wp-content\/uploads\/2016\/12\/Charte-de-bon-voisinage.docx\">Charte de bon voisinage<\/a><\/li>\n<li><a href=\"http:\/\/57.128.212.39:8000\/wp-content\/uploads\/2017\/07\/AG-du-30.07.2017-Les-bonnes-questions.docx\">Ce qu&#8217;il faut savoir: les 10 bonnes questions<\/a><\/li>\n<li><a href=\"http:\/\/57.128.212.39:8000\/wp-content\/uploads\/2019\/08\/PV-de-lAGE-du-28.07.2019.pdf\">PV de l&#8217;AGE du 28 juillet 2019<\/a><\/li>\n<li><a href=\"http:\/\/57.128.212.39:8000\/wp-content\/uploads\/2019\/08\/PV-de-lAGO-du-28.07.2019.pdf\">PV de l&#8217;AGO du 28 juillet 2019<\/a><\/li>\n<li><a href=\"http:\/\/57.128.212.39:8000\/wp-content\/uploads\/2019\/08\/Presentation1et2.pdf\">Pr\u00e9sentation du bureau \u00e0 l&#8217;AGO\/AGE du 28 juillet 2019 1-2<\/a><\/li>\n<li><a href=\"http:\/\/57.128.212.39:8000\/wp-content\/uploads\/2019\/08\/Pr\u00e9sentation3.pdf\">Pr\u00e9sentation du bureau \u00e0 l&#8217;AGO\/AGE du 28 juillet 2019 3<\/a><\/li>\n<li><a href=\"http:\/\/57.128.212.39:8000\/wp-content\/uploads\/2019\/08\/Pr\u00e9sentation4.11.pdf\">Pr\u00e9sentation du bureau \u00e0 l&#8217;AGO\/AGE du 28 juillet 2019 4<\/a><\/li>\n<li><a href=\"http:\/\/57.128.212.39:8000\/wp-content\/uploads\/2019\/08\/Presentation5.pdf\">Pr\u00e9sentation du bureau \u00e0 l&#8217;AGO\/AGE du 28 juillet 2019 5<\/a><\/li>\n<li><a href=\"http:\/\/57.128.212.39:8000\/wp-content\/uploads\/2019\/01\/PV-de-lAGO-du-20.01.2019.pdf\">PV de l&#8217;AGO du 20 janvier 2019<\/a><\/li>\n<li><a href=\"http:\/\/57.128.212.39:8000\/wp-content\/uploads\/2018\/09\/Pr\u00e9z-AGE-du-26.08.2018.pptx\">PV de l\u2019AGE du 26.08.2018<\/a><\/li>\n<li><a href=\"http:\/\/57.128.212.39:8000\/wp-content\/uploads\/2018\/09\/Pr\u00e9z-AGE-du-26.08.2018.pptx\">Pr\u00e9sentation du Bureau \u00e0 l\u2019AGE du 26.08.2018<\/a><\/li>\n<li><a href=\"http:\/\/57.128.212.39:8000\/wp-content\/uploads\/2018\/07\/PV-de-lAGO-du-22.07.20181.docx\">PV de l\u2019AGO du 22 Juillet 2018<\/a><\/li>\n<li><a href=\"http:\/\/57.128.212.39:8000\/wp-content\/uploads\/2018\/07\/Pr\u00e9z-AG-du-22.07.2018.pptx\">Pr\u00e9sentation de l\u2019AGO du 22 Juillet 2018<\/a><\/li>\n<li><a href=\"http:\/\/57.128.212.39:8000\/wp-content\/uploads\/2017\/08\/PV-de-lAGO-du-13.08.2017.docx\">PV AG du 13.08.2017<\/a><\/li>\n<li><a href=\"http:\/\/57.128.212.39:8000\/wp-content\/uploads\/2017\/08\/Pr\u00e9z-AG-du-13.08.2017.pptx\">Pr\u00e9sentation du Bureau \u00e0 l\u2019AG du 13.08.2017 <\/a><\/li>\n<li style=\"text-align: left;\"><a href=\"http:\/\/57.128.212.39:8000\/wp-content\/uploads\/2016\/10\/PV-de-lAGO-du-04.09.2016.docx\">PV AG du 04.09.2016<\/a><\/li>\n<li style=\"text-align: left;\"><a href=\"http:\/\/57.128.212.39:8000\/wp-content\/uploads\/2016\/12\/Planning-r\u00e9alisation-des-actions-12.2016-1.pptx\">Planning de r\u00e9alisation des actions 12.2016<\/a><\/li>\n<\/ul>\n<p>&nbsp;<\/p>\n<\/div>\n","protected":false},"excerpt":{"rendered":"<p>Statut Association des propri\u00e9taires des villas Hameau du golf R\u00e8glement Int\u00e9rieur du Club du Hameau Charte de bon voisinage Ce qu&#8217;il faut savoir: les 10 bonnes questions PV de l&#8217;AGE du 28 juillet 2019 PV de l&#8217;AGO du 28 juillet 2019 Pr\u00e9sentation du bureau \u00e0 l&#8217;AGO\/AGE du 28 juillet 2019 1-2 Pr\u00e9sentation du bureau \u00e0 &#8230;<\/p>\n","protected":false},"author":3,"featured_media":0,"parent":0,"menu_order":0,"comment_status":"closed","ping_status":"closed","template":"","meta":{"footnotes":""},"class_list":["post-185","page","type-page","status-publish"],"_links":{"self":[{"href":"https:\/\/hameaux-du-golf.ma\/index.php\/wp-json\/wp\/v2\/pages\/185","targetHints":{"allow":["GET"]}}],"collection":[{"href":"https:\/\/hameaux-du-golf.ma\/index.php\/wp-json\/wp\/v2\/pages"}],"about":[{"href":"https:\/\/hameaux-du-golf.ma\/index.php\/wp-json\/wp\/v2\/types\/page"}],"author":[{"embeddable":true,"href":"https:\/\/hameaux-du-golf.ma\/index.php\/wp-json\/wp\/v2\/users\/3"}],"replies":[{"embeddable":true,"href":"https:\/\/hameaux-du-golf.ma\/index.php\/wp-json\/wp\/v2\/comments?post=185"}],"version-history":[{"count":50,"href":"https:\/\/hameaux-du-golf.ma\/index.php\/wp-json\/wp\/v2\/pages\/185\/revisions"}],"predecessor-version":[{"id":1421,"href":"https:\/\/hameaux-du-golf.ma\/index.php\/wp-json\/wp\/v2\/pages\/185\/revisions\/1421"}],"wp:attachment":[{"href":"https:\/\/hameaux-du-golf.ma\/index.php\/wp-json\/wp\/v2\/media?parent=185"}],"curies":[{"name":"wp","href":"https:\/\/api.w.org\/{rel}","templated":true}]}}