{"id":178,"date":"2016-09-27T21:13:26","date_gmt":"2016-09-27T21:13:26","guid":{"rendered":"http:\/\/hameaux-du-golf.ma\/?page_id=178"},"modified":"2017-08-29T12:41:46","modified_gmt":"2017-08-29T11:41:46","slug":"activites","status":"publish","type":"page","link":"https:\/\/hameaux-du-golf.ma\/index.php\/activites\/","title":{"rendered":"Activit\u00e9s"},"content":{"rendered":"<div class=\"entry\">\n<div><a href=\"http:\/\/57.128.212.39:8000\/wp-content\/uploads\/2017\/07\/Animation-2017-Prog.-g\u00e9n\u00e9ral1.docx\">Programme d&#8217;animation 2017<\/a><\/div>\n<div><\/div>\n<div id=\"x_yiv5278335218yui_3_16_0_ym19_1_1499343318081_22123\">Chers r\u00e9sidents et chers amis,<\/div>\n<div id=\"x_yui_3_16_0_ym19_1_1499343318081_25835\">Le Bureau de votre Association a le plaisir de vous informer que dans le cadre du programme d&#8217;animation de notre r\u00e9sidence pour cette p\u00e9riode estivale, nous avons engag\u00e9 un professionnel qui mettra \u00e0 notre disposition l&#8217;\u00e9quipe suivante du 15 juillet au 25 ao\u00fbt 2017 :<\/div>\n<div id=\"x_yiv5278335218yui_3_16_0_ym19_1_1499343318081_23434\" dir=\"ltr\"><strong id=\"x_yui_3_16_0_ym19_1_1499343318081_25667\">A-\u00a0Tous les jours de la semaine\u00a0:<\/strong><\/div>\n<div id=\"x_yiv5278335218yui_3_16_0_ym19_1_1499343318081_23500\" dir=\"ltr\">-M.Noureddine Attou\u00a0 s&#8217;occupera de l&#8217;activit\u00e9 &#8220;Sports collectifs&#8221; pour les jeunes (mini foot, volley, tennis..).<\/div>\n<div id=\"x_yiv5278335218yui_3_16_0_ym19_1_1499343318081_23499\">-Mlle Asm\u00e2a Lakouiri\u00a0animera\u00a0les activit\u00e9s Aqua gym, Fitness et Marche sportive.<\/div>\n<div id=\"x_yui_3_16_0_ym19_1_1499343318081_24952\" dir=\"ltr\">-M. Khalid Boucetta\u00a0, superviseur de toutes las activit\u00e9s,\u00a0s&#8217;occupera \u00e9galement de la logistique et de l&#8217;activit\u00e9 &#8220;p\u00e9tanque&#8221;.<\/div>\n<div id=\"x_yui_3_16_0_ym19_1_1499343318081_25015\" dir=\"ltr\">Les inscriptions \u00e0 ces activit\u00e9s peuvent se faire aupr\u00e8s de ces animateurs\u00a0dans l&#8217;espace piscine ou directement sur notre site web. Un tableau d&#8217;affichage sera r\u00e9guli\u00e8rement mis \u00e0 jour avec\u00a0le d\u00e9tail de\u00a0toutes les\u00a0activit\u00e9s.<\/div>\n<div id=\"x_yiv5278335218yui_3_16_0_ym19_1_1499343318081_23438\" dir=\"ltr\"><strong id=\"x_yui_3_16_0_ym19_1_1499343318081_25110\">B- Tous les Samedi\u00a0et Dimanche:<\/strong><\/div>\n<div id=\"x_yiv5278335218yui_3_16_0_ym19_1_1499343318081_23481\" dir=\"ltr\">Une \u00e9quipe compos\u00e9e d&#8217;un clown, d&#8217;une mascotte et\u00a0d&#8217;un DJ interviendra pour une animation sp\u00e9ciale r\u00e9serv\u00e9e aux enfants (dessin, modelage, peinture, jeux &#8230;).<\/div>\n<div id=\"x_yiv5278335218yui_3_16_0_ym19_1_1499343318081_18364\" dir=\"ltr\">Des gonflables seront enfin install\u00e9s dans la zone piscine pour le plaisir de vos enfants et petits enfants.<\/div>\n<div dir=\"ltr\"><\/div>\n<div id=\"x_yui_3_16_0_ym19_1_1499343318081_25436\" dir=\"ltr\">Venez nombreux et en famille\u00a0pour\u00a0participer \u00e0 ces activit\u00e9s et garantir la r\u00e9ussite de cette op\u00e9ration qui, nous l&#8217;esp\u00e9rons, redonnera vie \u00e0 notre r\u00e9sidence&#8221;.<\/div>\n<div dir=\"ltr\"><\/div>\n<div dir=\"ltr\">\n<div id=\"x_yui_3_16_0_ym19_1_1498930814834_16442\">PISCINE\u00a0 :\u00a0 AVIS\u00a0 AUX RESIDENTS<\/div>\n<div id=\"x_yui_3_16_0_ym19_1_1498930814834_16546\">Chers r\u00e9sidents,<\/div>\n<div id=\"x_yui_3_16_0_ym19_1_1498930814834_16501\">Le Bureau de votre Association\u00a0a le plaisir de vous informer que durant les mois de Juillet et Ao\u00fbt 2017, deux professionnels ont \u00e9t\u00e9 engag\u00e9s pour veiller sur votre s\u00e9curit\u00e9 et sur votre sant\u00e9\u00a0au niveau de l&#8217;espace piscine :<\/div>\n<div id=\"x_yui_3_16_0_ym19_1_1498930814834_16503\"><strong>Un ma\u00eetre nageur<\/strong><\/div>\n<div id=\"x_yui_3_16_0_ym19_1_1498930814834_16502\">M. Abdellatif Hafid , ma\u00eetre nageur qualifi\u00e9 ayant suivi une formation des premiers secours aupr\u00e8s de la Protection Civile sera en permanence \u00e0 la piscine pendant les horaires d&#8217;ouverture et s&#8217;occupera plus particuli\u00e8rement de la s\u00e9curit\u00e9 de vos enfants. Nous vous demandons votre\u00a0collaboration pour qu&#8217;il puisse accomplir sa mission dans les meilleures conditions possibles.<\/div>\n<div id=\"x_yui_3_16_0_ym19_1_1498930814834_16592\"><strong>Un infirmier<\/strong><\/div>\n<div id=\"x_yui_3_16_0_ym19_1_1498930814834_16593\" dir=\"ltr\">M. Ahmed Bouhafes est un infirmier en retraite qui a une exp\u00e9rience de plus de 40 ans. Il dispose d&#8217;une trousse compl\u00e8te pour assurer les premiers soins,\u00a0d&#8217;un tensiom\u00e8tre en cas de besoin\u00a0et peut aussi proc\u00e9der \u00e0 des injections aux r\u00e9sidents qui disposent d&#8217;une ordonnance d&#8217;un m\u00e9decin. M.Bouhafes sera pr\u00e9sent aux heures d&#8217;ouverture de la piscine dans un espace sp\u00e9cialement d\u00e9di\u00e9 \u00e0 ses interventions.<\/div>\n<\/div>\n<\/div>\n","protected":false},"excerpt":{"rendered":"<p>Programme d&#8217;animation 2017 Chers r\u00e9sidents et chers amis, Le Bureau de votre Association a le plaisir de vous informer que dans le cadre du programme d&#8217;animation de notre r\u00e9sidence pour cette p\u00e9riode estivale, nous avons engag\u00e9 un professionnel qui mettra \u00e0 notre disposition l&#8217;\u00e9quipe suivante du 15 juillet au 25 ao\u00fbt 2017 : A-\u00a0Tous les &#8230;<\/p>\n","protected":false},"author":1,"featured_media":0,"parent":0,"menu_order":0,"comment_status":"closed","ping_status":"closed","template":"","meta":{"footnotes":""},"class_list":["post-178","page","type-page","status-publish"],"_links":{"self":[{"href":"https:\/\/hameaux-du-golf.ma\/index.php\/wp-json\/wp\/v2\/pages\/178","targetHints":{"allow":["GET"]}}],"collection":[{"href":"https:\/\/hameaux-du-golf.ma\/index.php\/wp-json\/wp\/v2\/pages"}],"about":[{"href":"https:\/\/hameaux-du-golf.ma\/index.php\/wp-json\/wp\/v2\/types\/page"}],"author":[{"embeddable":true,"href":"https:\/\/hameaux-du-golf.ma\/index.php\/wp-json\/wp\/v2\/users\/1"}],"replies":[{"embeddable":true,"href":"https:\/\/hameaux-du-golf.ma\/index.php\/wp-json\/wp\/v2\/comments?post=178"}],"version-history":[{"count":6,"href":"https:\/\/hameaux-du-golf.ma\/index.php\/wp-json\/wp\/v2\/pages\/178\/revisions"}],"predecessor-version":[{"id":954,"href":"https:\/\/hameaux-du-golf.ma\/index.php\/wp-json\/wp\/v2\/pages\/178\/revisions\/954"}],"wp:attachment":[{"href":"https:\/\/hameaux-du-golf.ma\/index.php\/wp-json\/wp\/v2\/media?parent=178"}],"curies":[{"name":"wp","href":"https:\/\/api.w.org\/{rel}","templated":true}]}}