{"id":176,"date":"2016-09-27T21:13:12","date_gmt":"2016-09-27T21:13:12","guid":{"rendered":"http:\/\/hameaux-du-golf.ma\/?page_id=176"},"modified":"2020-08-31T10:51:43","modified_gmt":"2020-08-31T09:51:43","slug":"evenements","status":"publish","type":"page","link":"https:\/\/hameaux-du-golf.ma\/index.php\/evenements\/","title":{"rendered":"Am\u00e9nagement du canal paysager"},"content":{"rendered":"<div class=\"entry\">\n<p><a href=\"http:\/\/57.128.212.39:8000\/wp-content\/uploads\/2020\/08\/ETUDE-DE-PROTECTION-CONTRE-LES-INONDATIONS-BOUZNIKA-BAY-30-08-2020.docx\">\u00c9tude de protaction contre les inondations-Solution conduite<\/a><\/p>\n<p><a href=\"http:\/\/57.128.212.39:8000\/wp-content\/uploads\/2020\/08\/ETUDE-DE-PROTECTION-CONTRE-LES-INONDATIONS-BOUZNIKA-BAY-05-08-2020.docx\">\u00c9tude de protection contre les inondations-Solution foss\u00e9 b\u00e9tonn\u00e9<\/a><\/p>\n<p><a href=\"http:\/\/57.128.212.39:8000\/wp-content\/uploads\/2020\/08\/Plan-de-profil.pdf\">Profil en long &#8211; Am\u00e9nagement Foss\u00e9 <\/a><\/p>\n<p><a href=\"http:\/\/57.128.212.39:8000\/wp-content\/uploads\/2020\/08\/Esquisse-1-piscine-scaled.jpg\">Esquisse 1 &#8211; Piscine<\/a><\/p>\n<p>&nbsp;<\/p>\n<\/div>\n","protected":false},"excerpt":{"rendered":"<p>\u00c9tude de protaction contre les inondations-Solution conduite \u00c9tude de protection contre les inondations-Solution foss\u00e9 b\u00e9tonn\u00e9 Profil en long &#8211; Am\u00e9nagement Foss\u00e9 Esquisse 1 &#8211; Piscine &nbsp;<\/p>\n","protected":false},"author":1,"featured_media":0,"parent":0,"menu_order":0,"comment_status":"closed","ping_status":"closed","template":"","meta":{"footnotes":""},"class_list":["post-176","page","type-page","status-publish"],"_links":{"self":[{"href":"https:\/\/hameaux-du-golf.ma\/index.php\/wp-json\/wp\/v2\/pages\/176","targetHints":{"allow":["GET"]}}],"collection":[{"href":"https:\/\/hameaux-du-golf.ma\/index.php\/wp-json\/wp\/v2\/pages"}],"about":[{"href":"https:\/\/hameaux-du-golf.ma\/index.php\/wp-json\/wp\/v2\/types\/page"}],"author":[{"embeddable":true,"href":"https:\/\/hameaux-du-golf.ma\/index.php\/wp-json\/wp\/v2\/users\/1"}],"replies":[{"embeddable":true,"href":"https:\/\/hameaux-du-golf.ma\/index.php\/wp-json\/wp\/v2\/comments?post=176"}],"version-history":[{"count":17,"href":"https:\/\/hameaux-du-golf.ma\/index.php\/wp-json\/wp\/v2\/pages\/176\/revisions"}],"predecessor-version":[{"id":1444,"href":"https:\/\/hameaux-du-golf.ma\/index.php\/wp-json\/wp\/v2\/pages\/176\/revisions\/1444"}],"wp:attachment":[{"href":"https:\/\/hameaux-du-golf.ma\/index.php\/wp-json\/wp\/v2\/media?parent=176"}],"curies":[{"name":"wp","href":"https:\/\/api.w.org\/{rel}","templated":true}]}}